{"id":2914,"date":"2021-10-15T15:55:16","date_gmt":"2021-10-15T13:55:16","guid":{"rendered":"https:\/\/www.hdforumitalia.it\/?page_id=2914"},"modified":"2022-06-22T14:31:13","modified_gmt":"2022-06-22T12:31:13","slug":"mediaset-2","status":"publish","type":"page","link":"https:\/\/www.hdforumitalia.it\/it\/mediaset-2\/","title":{"rendered":"Mediaset"},"content":{"rendered":"\t\t<div data-elementor-type=\"wp-page\" data-elementor-id=\"2914\" class=\"elementor elementor-2914\" data-elementor-post-type=\"page\">\n\t\t\t\t\t\t<section class=\"elementor-section elementor-top-section elementor-element elementor-element-60d6c8e elementor-section-boxed elementor-section-height-default elementor-section-height-default\" data-id=\"60d6c8e\" data-element_type=\"section\" data-e-type=\"section\">\n\t\t\t\t\t\t<div class=\"elementor-container elementor-column-gap-default\">\n\t\t\t\t\t<div class=\"elementor-column elementor-col-33 elementor-top-column elementor-element elementor-element-7c9fd82\" data-id=\"7c9fd82\" data-element_type=\"column\" data-e-type=\"column\">\n\t\t\t<div class=\"elementor-widget-wrap elementor-element-populated\">\n\t\t\t\t\t\t<div class=\"elementor-element elementor-element-4536664 elementor-widget elementor-widget-image\" data-id=\"4536664\" data-element_type=\"widget\" data-e-type=\"widget\" data-widget_type=\"image.default\">\n\t\t\t\t<div class=\"elementor-widget-container\">\n\t\t\t\t\t\t\t\t\t\t\t\t\t\t\t<img fetchpriority=\"high\" decoding=\"async\" width=\"350\" height=\"200\" src=\"https:\/\/www.hdforumitalia.it\/wp-content\/uploads\/2021\/03\/mediaset.png\" class=\"attachment-large size-large wp-image-81\" alt=\"\" srcset=\"https:\/\/www.hdforumitalia.it\/wp-content\/uploads\/2021\/03\/mediaset.png 350w, https:\/\/www.hdforumitalia.it\/wp-content\/uploads\/2021\/03\/mediaset-300x171.png 300w\" sizes=\"(max-width: 350px) 100vw, 350px\" \/>\t\t\t\t\t\t\t\t\t\t\t\t\t\t\t<\/div>\n\t\t\t\t<\/div>\n\t\t\t\t\t<\/div>\n\t\t<\/div>\n\t\t\t\t<div class=\"elementor-column elementor-col-66 elementor-top-column elementor-element elementor-element-b2026b8\" data-id=\"b2026b8\" data-element_type=\"column\" data-e-type=\"column\">\n\t\t\t<div class=\"elementor-widget-wrap elementor-element-populated\">\n\t\t\t\t\t\t<div class=\"elementor-element elementor-element-47a2b9c elementor-widget elementor-widget-text-editor\" data-id=\"47a2b9c\" data-element_type=\"widget\" data-e-type=\"widget\" data-widget_type=\"text-editor.default\">\n\t\t\t\t<div class=\"elementor-widget-container\">\n\t\t\t\t\t\t\t\t\t<div class=\"copy-block\">\n<p>Mediaset \u00e8 un\u2019azienda privata italiana attiva nel campo dei media e della comunicazione. \u00c8 specializzata in produzione e distribuzione televisiva di canali free e pay, oltre che in produzione e distribuzione cinematografica, multimediale ed in raccolta pubblicitaria. Con circa 6.400 dipendenti e partecipazioni in pi\u00f9 di 40 societ\u00e0 \u00e8 il secondo gruppo televisivo privato d\u2019Europa ed il primo in Italia.<\/p>\n<p><a href=\"http:\/\/www.mediaset.it\">www.mediaset.it<\/a>&nbsp;<\/p><p><br><\/p>\n<\/div>\t\t\t\t\t\t\t\t<\/div>\n\t\t\t\t<\/div>\n\t\t\t\t\t<\/div>\n\t\t<\/div>\n\t\t\t\t\t<\/div>\n\t\t<\/section>\n\t\t\t\t<\/div>\n\t\t","protected":false},"excerpt":{"rendered":"<p>Mediaset \u00e8 un\u2019azienda privata italiana attiva nel campo dei media e della comunicazione. \u00c8 specializzata in produzione e distribuzione televisiva di canali free e pay, oltre che in produzione e distribuzione cinematografica, multimediale ed in raccolta pubblicitaria. Con circa 6.400 dipendenti e partecipazioni in pi\u00f9 di 40 societ\u00e0 \u00e8 il secondo gruppo televisivo privato d\u2019Europa&hellip;<\/p>\n","protected":false},"author":1,"featured_media":0,"parent":0,"menu_order":0,"comment_status":"closed","ping_status":"closed","template":"","meta":{"footnotes":""},"class_list":["post-2914","page","type-page","status-publish","hentry"],"yoast_head":"<!-- This site is optimized with the Yoast SEO plugin v27.1.1 - https:\/\/yoast.com\/product\/yoast-seo-wordpress\/ -->\n<title>Mediaset - HD Forum Italia<\/title>\n<meta name=\"robots\" content=\"index, follow, max-snippet:-1, max-image-preview:large, max-video-preview:-1\" \/>\n<link rel=\"canonical\" href=\"https:\/\/www.hdforumitalia.it\/it\/mediaset-2\/\" \/>\n<meta property=\"og:locale\" content=\"it_IT\" \/>\n<meta property=\"og:type\" content=\"article\" \/>\n<meta property=\"og:title\" content=\"Mediaset - HD Forum Italia\" \/>\n<meta property=\"og:description\" content=\"Mediaset \u00e8 un\u2019azienda privata italiana attiva nel campo dei media e della comunicazione. \u00c8 specializzata in produzione e distribuzione televisiva di canali free e pay, oltre che in produzione e distribuzione cinematografica, multimediale ed in raccolta pubblicitaria. Con circa 6.400 dipendenti e partecipazioni in pi\u00f9 di 40 societ\u00e0 \u00e8 il secondo gruppo televisivo privato d\u2019Europa&hellip;\" \/>\n<meta property=\"og:url\" content=\"https:\/\/www.hdforumitalia.it\/it\/mediaset-2\/\" \/>\n<meta property=\"og:site_name\" content=\"HD Forum Italia\" \/>\n<meta property=\"article:modified_time\" content=\"2022-06-22T12:31:13+00:00\" \/>\n<meta property=\"og:image\" content=\"https:\/\/www.hdforumitalia.it\/wp-content\/uploads\/2021\/03\/mediaset.png\" \/>\n<meta name=\"twitter:card\" content=\"summary_large_image\" \/>\n<script type=\"application\/ld+json\" class=\"yoast-schema-graph\">{\"@context\":\"https:\/\/schema.org\",\"@graph\":[{\"@type\":\"WebPage\",\"@id\":\"https:\/\/www.hdforumitalia.it\/it\/mediaset-2\/\",\"url\":\"https:\/\/www.hdforumitalia.it\/it\/mediaset-2\/\",\"name\":\"Mediaset - HD Forum Italia\",\"isPartOf\":{\"@id\":\"https:\/\/www.hdforumitalia.it\/it\/#website\"},\"primaryImageOfPage\":{\"@id\":\"https:\/\/www.hdforumitalia.it\/it\/mediaset-2\/#primaryimage\"},\"image\":{\"@id\":\"https:\/\/www.hdforumitalia.it\/it\/mediaset-2\/#primaryimage\"},\"thumbnailUrl\":\"https:\/\/www.hdforumitalia.it\/wp-content\/uploads\/2021\/03\/mediaset.png\",\"datePublished\":\"2021-10-15T13:55:16+00:00\",\"dateModified\":\"2022-06-22T12:31:13+00:00\",\"breadcrumb\":{\"@id\":\"https:\/\/www.hdforumitalia.it\/it\/mediaset-2\/#breadcrumb\"},\"inLanguage\":\"it-IT\",\"potentialAction\":[{\"@type\":\"ReadAction\",\"target\":[\"https:\/\/www.hdforumitalia.it\/it\/mediaset-2\/\"]}]},{\"@type\":\"ImageObject\",\"inLanguage\":\"it-IT\",\"@id\":\"https:\/\/www.hdforumitalia.it\/it\/mediaset-2\/#primaryimage\",\"url\":\"https:\/\/www.hdforumitalia.it\/wp-content\/uploads\/2021\/03\/mediaset.png\",\"contentUrl\":\"https:\/\/www.hdforumitalia.it\/wp-content\/uploads\/2021\/03\/mediaset.png\"},{\"@type\":\"BreadcrumbList\",\"@id\":\"https:\/\/www.hdforumitalia.it\/it\/mediaset-2\/#breadcrumb\",\"itemListElement\":[{\"@type\":\"ListItem\",\"position\":1,\"name\":\"Home\",\"item\":\"https:\/\/www.hdforumitalia.it\/it\/\"},{\"@type\":\"ListItem\",\"position\":2,\"name\":\"Mediaset\"}]},{\"@type\":\"WebSite\",\"@id\":\"https:\/\/www.hdforumitalia.it\/it\/#website\",\"url\":\"https:\/\/www.hdforumitalia.it\/it\/\",\"name\":\"HD Forum Italia\",\"description\":\"Beyond Definition\",\"publisher\":{\"@id\":\"https:\/\/www.hdforumitalia.it\/it\/#organization\"},\"potentialAction\":[{\"@type\":\"SearchAction\",\"target\":{\"@type\":\"EntryPoint\",\"urlTemplate\":\"https:\/\/www.hdforumitalia.it\/it\/?s={search_term_string}\"},\"query-input\":{\"@type\":\"PropertyValueSpecification\",\"valueRequired\":true,\"valueName\":\"search_term_string\"}}],\"inLanguage\":\"it-IT\"},{\"@type\":\"Organization\",\"@id\":\"https:\/\/www.hdforumitalia.it\/it\/#organization\",\"name\":\"HD Forum Italia\",\"url\":\"https:\/\/www.hdforumitalia.it\/it\/\",\"logo\":{\"@type\":\"ImageObject\",\"inLanguage\":\"it-IT\",\"@id\":\"https:\/\/www.hdforumitalia.it\/it\/#\/schema\/logo\/image\/\",\"url\":\"https:\/\/www.hdforumitalia.it\/wp-content\/uploads\/2021\/11\/Logo-Ultra-HD-Forum.jpg\",\"contentUrl\":\"https:\/\/www.hdforumitalia.it\/wp-content\/uploads\/2021\/11\/Logo-Ultra-HD-Forum.jpg\",\"width\":859,\"height\":411,\"caption\":\"HD Forum Italia\"},\"image\":{\"@id\":\"https:\/\/www.hdforumitalia.it\/it\/#\/schema\/logo\/image\/\"}}]}<\/script>\n<!-- \/ Yoast SEO plugin. -->","yoast_head_json":{"title":"Mediaset - HD Forum Italia","robots":{"index":"index","follow":"follow","max-snippet":"max-snippet:-1","max-image-preview":"max-image-preview:large","max-video-preview":"max-video-preview:-1"},"canonical":"https:\/\/www.hdforumitalia.it\/it\/mediaset-2\/","og_locale":"it_IT","og_type":"article","og_title":"Mediaset - HD Forum Italia","og_description":"Mediaset \u00e8 un\u2019azienda privata italiana attiva nel campo dei media e della comunicazione. \u00c8 specializzata in produzione e distribuzione televisiva di canali free e pay, oltre che in produzione e distribuzione cinematografica, multimediale ed in raccolta pubblicitaria. Con circa 6.400 dipendenti e partecipazioni in pi\u00f9 di 40 societ\u00e0 \u00e8 il secondo gruppo televisivo privato d\u2019Europa&hellip;","og_url":"https:\/\/www.hdforumitalia.it\/it\/mediaset-2\/","og_site_name":"HD Forum Italia","article_modified_time":"2022-06-22T12:31:13+00:00","og_image":[{"url":"https:\/\/www.hdforumitalia.it\/wp-content\/uploads\/2021\/03\/mediaset.png","type":"","width":"","height":""}],"twitter_card":"summary_large_image","schema":{"@context":"https:\/\/schema.org","@graph":[{"@type":"WebPage","@id":"https:\/\/www.hdforumitalia.it\/it\/mediaset-2\/","url":"https:\/\/www.hdforumitalia.it\/it\/mediaset-2\/","name":"Mediaset - HD Forum Italia","isPartOf":{"@id":"https:\/\/www.hdforumitalia.it\/it\/#website"},"primaryImageOfPage":{"@id":"https:\/\/www.hdforumitalia.it\/it\/mediaset-2\/#primaryimage"},"image":{"@id":"https:\/\/www.hdforumitalia.it\/it\/mediaset-2\/#primaryimage"},"thumbnailUrl":"https:\/\/www.hdforumitalia.it\/wp-content\/uploads\/2021\/03\/mediaset.png","datePublished":"2021-10-15T13:55:16+00:00","dateModified":"2022-06-22T12:31:13+00:00","breadcrumb":{"@id":"https:\/\/www.hdforumitalia.it\/it\/mediaset-2\/#breadcrumb"},"inLanguage":"it-IT","potentialAction":[{"@type":"ReadAction","target":["https:\/\/www.hdforumitalia.it\/it\/mediaset-2\/"]}]},{"@type":"ImageObject","inLanguage":"it-IT","@id":"https:\/\/www.hdforumitalia.it\/it\/mediaset-2\/#primaryimage","url":"https:\/\/www.hdforumitalia.it\/wp-content\/uploads\/2021\/03\/mediaset.png","contentUrl":"https:\/\/www.hdforumitalia.it\/wp-content\/uploads\/2021\/03\/mediaset.png"},{"@type":"BreadcrumbList","@id":"https:\/\/www.hdforumitalia.it\/it\/mediaset-2\/#breadcrumb","itemListElement":[{"@type":"ListItem","position":1,"name":"Home","item":"https:\/\/www.hdforumitalia.it\/it\/"},{"@type":"ListItem","position":2,"name":"Mediaset"}]},{"@type":"WebSite","@id":"https:\/\/www.hdforumitalia.it\/it\/#website","url":"https:\/\/www.hdforumitalia.it\/it\/","name":"HD Forum Italia","description":"Beyond Definition","publisher":{"@id":"https:\/\/www.hdforumitalia.it\/it\/#organization"},"potentialAction":[{"@type":"SearchAction","target":{"@type":"EntryPoint","urlTemplate":"https:\/\/www.hdforumitalia.it\/it\/?s={search_term_string}"},"query-input":{"@type":"PropertyValueSpecification","valueRequired":true,"valueName":"search_term_string"}}],"inLanguage":"it-IT"},{"@type":"Organization","@id":"https:\/\/www.hdforumitalia.it\/it\/#organization","name":"HD Forum Italia","url":"https:\/\/www.hdforumitalia.it\/it\/","logo":{"@type":"ImageObject","inLanguage":"it-IT","@id":"https:\/\/www.hdforumitalia.it\/it\/#\/schema\/logo\/image\/","url":"https:\/\/www.hdforumitalia.it\/wp-content\/uploads\/2021\/11\/Logo-Ultra-HD-Forum.jpg","contentUrl":"https:\/\/www.hdforumitalia.it\/wp-content\/uploads\/2021\/11\/Logo-Ultra-HD-Forum.jpg","width":859,"height":411,"caption":"HD Forum Italia"},"image":{"@id":"https:\/\/www.hdforumitalia.it\/it\/#\/schema\/logo\/image\/"}}]}},"_links":{"self":[{"href":"https:\/\/www.hdforumitalia.it\/it\/wp-json\/wp\/v2\/pages\/2914","targetHints":{"allow":["GET"]}}],"collection":[{"href":"https:\/\/www.hdforumitalia.it\/it\/wp-json\/wp\/v2\/pages"}],"about":[{"href":"https:\/\/www.hdforumitalia.it\/it\/wp-json\/wp\/v2\/types\/page"}],"author":[{"embeddable":true,"href":"https:\/\/www.hdforumitalia.it\/it\/wp-json\/wp\/v2\/users\/1"}],"replies":[{"embeddable":true,"href":"https:\/\/www.hdforumitalia.it\/it\/wp-json\/wp\/v2\/comments?post=2914"}],"version-history":[{"count":7,"href":"https:\/\/www.hdforumitalia.it\/it\/wp-json\/wp\/v2\/pages\/2914\/revisions"}],"predecessor-version":[{"id":4282,"href":"https:\/\/www.hdforumitalia.it\/it\/wp-json\/wp\/v2\/pages\/2914\/revisions\/4282"}],"wp:attachment":[{"href":"https:\/\/www.hdforumitalia.it\/it\/wp-json\/wp\/v2\/media?parent=2914"}],"curies":[{"name":"wp","href":"https:\/\/api.w.org\/{rel}","templated":true}]}}