{"id":2949,"date":"2021-10-15T16:04:45","date_gmt":"2021-10-15T14:04:45","guid":{"rendered":"https:\/\/www.hdforumitalia.it\/?page_id=2949"},"modified":"2023-09-14T11:07:07","modified_gmt":"2023-09-14T09:07:07","slug":"sky","status":"publish","type":"page","link":"https:\/\/www.hdforumitalia.it\/it\/sky\/","title":{"rendered":"Sky"},"content":{"rendered":"\t\t<div data-elementor-type=\"wp-page\" data-elementor-id=\"2949\" class=\"elementor elementor-2949\" data-elementor-post-type=\"page\">\n\t\t\t\t\t\t<section class=\"elementor-section elementor-top-section elementor-element elementor-element-60d6c8e elementor-section-boxed elementor-section-height-default elementor-section-height-default\" data-id=\"60d6c8e\" data-element_type=\"section\" data-e-type=\"section\">\n\t\t\t\t\t\t<div class=\"elementor-container elementor-column-gap-default\">\n\t\t\t\t\t<div class=\"elementor-column elementor-col-33 elementor-top-column elementor-element elementor-element-7c9fd82\" data-id=\"7c9fd82\" data-element_type=\"column\" data-e-type=\"column\">\n\t\t\t<div class=\"elementor-widget-wrap elementor-element-populated\">\n\t\t\t\t\t\t<div class=\"elementor-element elementor-element-4536664 elementor-widget elementor-widget-image\" data-id=\"4536664\" data-element_type=\"widget\" data-e-type=\"widget\" data-widget_type=\"image.default\">\n\t\t\t\t<div class=\"elementor-widget-container\">\n\t\t\t\t\t\t\t\t\t\t\t\t\t\t\t<img decoding=\"async\" width=\"200\" height=\"114\" src=\"https:\/\/www.hdforumitalia.it\/wp-content\/uploads\/2023\/09\/Sky_new-e1694682581531.png\" class=\"attachment-large size-large wp-image-7545\" alt=\"\" \/>\t\t\t\t\t\t\t\t\t\t\t\t\t\t\t<\/div>\n\t\t\t\t<\/div>\n\t\t\t\t\t<\/div>\n\t\t<\/div>\n\t\t\t\t<div class=\"elementor-column elementor-col-66 elementor-top-column elementor-element elementor-element-b2026b8\" data-id=\"b2026b8\" data-element_type=\"column\" data-e-type=\"column\">\n\t\t\t<div class=\"elementor-widget-wrap elementor-element-populated\">\n\t\t\t\t\t\t<div class=\"elementor-element elementor-element-47a2b9c elementor-widget elementor-widget-text-editor\" data-id=\"47a2b9c\" data-element_type=\"widget\" data-e-type=\"widget\" data-widget_type=\"text-editor.default\">\n\t\t\t\t<div class=\"elementor-widget-container\">\n\t\t\t\t\t\t\t\t\t<div class=\"col-md-8 col-sm-9\"><div class=\"copy-block\"><div class=\"col-md-8 col-sm-9\"><div class=\"copy-block\"><p>Sin dalla sua nascita, Sky Italia propone un modello di intrattenimento unico nel panorama televisivo italiano, unendo la migliore offerta di programmi ed eventi con le tecnologie pi\u00f9 innovative, disponibili anche on demand e in mobilit\u00e0. Sky \u00e8 la prima piattaforma digitale italiana per numero di canali in Alta Definizione (oltre 60), ai quali si affianca l\u2019unico canale interamente in 3D del panorama televisivo italiano.<\/p><p><a href=\"http:\/\/www.sky.it\">www.sky.it<\/a><\/p><\/div><\/div><\/div><\/div>\t\t\t\t\t\t\t\t<\/div>\n\t\t\t\t<\/div>\n\t\t\t\t\t<\/div>\n\t\t<\/div>\n\t\t\t\t\t<\/div>\n\t\t<\/section>\n\t\t\t\t<\/div>\n\t\t","protected":false},"excerpt":{"rendered":"<p>Sin dalla sua nascita, Sky Italia propone un modello di intrattenimento unico nel panorama televisivo italiano, unendo la migliore offerta di programmi ed eventi con le tecnologie pi\u00f9 innovative, disponibili anche on demand e in mobilit\u00e0. Sky \u00e8 la prima piattaforma digitale italiana per numero di canali in Alta Definizione (oltre 60), ai quali si&hellip;<\/p>\n","protected":false},"author":1,"featured_media":0,"parent":0,"menu_order":0,"comment_status":"closed","ping_status":"closed","template":"","meta":{"footnotes":""},"class_list":["post-2949","page","type-page","status-publish","hentry"],"yoast_head":"<!-- This site is optimized with the Yoast SEO plugin v27.1.1 - https:\/\/yoast.com\/product\/yoast-seo-wordpress\/ -->\n<title>Sky - HD Forum Italia<\/title>\n<meta name=\"robots\" content=\"index, follow, max-snippet:-1, max-image-preview:large, max-video-preview:-1\" \/>\n<link rel=\"canonical\" href=\"https:\/\/www.hdforumitalia.it\/it\/sky\/\" \/>\n<meta property=\"og:locale\" content=\"it_IT\" \/>\n<meta property=\"og:type\" content=\"article\" \/>\n<meta property=\"og:title\" content=\"Sky - HD Forum Italia\" \/>\n<meta property=\"og:description\" content=\"Sin dalla sua nascita, Sky Italia propone un modello di intrattenimento unico nel panorama televisivo italiano, unendo la migliore offerta di programmi ed eventi con le tecnologie pi\u00f9 innovative, disponibili anche on demand e in mobilit\u00e0. Sky \u00e8 la prima piattaforma digitale italiana per numero di canali in Alta Definizione (oltre 60), ai quali si&hellip;\" \/>\n<meta property=\"og:url\" content=\"https:\/\/www.hdforumitalia.it\/it\/sky\/\" \/>\n<meta property=\"og:site_name\" content=\"HD Forum Italia\" \/>\n<meta property=\"article:modified_time\" content=\"2023-09-14T09:07:07+00:00\" \/>\n<meta property=\"og:image\" content=\"https:\/\/www.hdforumitalia.it\/wp-content\/uploads\/2023\/09\/Sky_new-e1694682379323.png\" \/>\n<meta name=\"twitter:card\" content=\"summary_large_image\" \/>\n<meta name=\"twitter:label1\" content=\"Tempo di lettura stimato\" \/>\n\t<meta name=\"twitter:data1\" content=\"1 minuto\" \/>\n<script type=\"application\/ld+json\" class=\"yoast-schema-graph\">{\"@context\":\"https:\/\/schema.org\",\"@graph\":[{\"@type\":\"WebPage\",\"@id\":\"https:\/\/www.hdforumitalia.it\/it\/sky\/\",\"url\":\"https:\/\/www.hdforumitalia.it\/it\/sky\/\",\"name\":\"Sky - HD Forum Italia\",\"isPartOf\":{\"@id\":\"https:\/\/www.hdforumitalia.it\/it\/#website\"},\"primaryImageOfPage\":{\"@id\":\"https:\/\/www.hdforumitalia.it\/it\/sky\/#primaryimage\"},\"image\":{\"@id\":\"https:\/\/www.hdforumitalia.it\/it\/sky\/#primaryimage\"},\"thumbnailUrl\":\"https:\/\/www.hdforumitalia.it\/wp-content\/uploads\/2023\/09\/Sky_new-e1694682379323.png\",\"datePublished\":\"2021-10-15T14:04:45+00:00\",\"dateModified\":\"2023-09-14T09:07:07+00:00\",\"breadcrumb\":{\"@id\":\"https:\/\/www.hdforumitalia.it\/it\/sky\/#breadcrumb\"},\"inLanguage\":\"it-IT\",\"potentialAction\":[{\"@type\":\"ReadAction\",\"target\":[\"https:\/\/www.hdforumitalia.it\/it\/sky\/\"]}]},{\"@type\":\"ImageObject\",\"inLanguage\":\"it-IT\",\"@id\":\"https:\/\/www.hdforumitalia.it\/it\/sky\/#primaryimage\",\"url\":\"https:\/\/www.hdforumitalia.it\/wp-content\/uploads\/2023\/09\/Sky_new-e1694682379323.png\",\"contentUrl\":\"https:\/\/www.hdforumitalia.it\/wp-content\/uploads\/2023\/09\/Sky_new-e1694682379323.png\"},{\"@type\":\"BreadcrumbList\",\"@id\":\"https:\/\/www.hdforumitalia.it\/it\/sky\/#breadcrumb\",\"itemListElement\":[{\"@type\":\"ListItem\",\"position\":1,\"name\":\"Home\",\"item\":\"https:\/\/www.hdforumitalia.it\/it\/\"},{\"@type\":\"ListItem\",\"position\":2,\"name\":\"Sky\"}]},{\"@type\":\"WebSite\",\"@id\":\"https:\/\/www.hdforumitalia.it\/it\/#website\",\"url\":\"https:\/\/www.hdforumitalia.it\/it\/\",\"name\":\"HD Forum Italia\",\"description\":\"Beyond Definition\",\"publisher\":{\"@id\":\"https:\/\/www.hdforumitalia.it\/it\/#organization\"},\"potentialAction\":[{\"@type\":\"SearchAction\",\"target\":{\"@type\":\"EntryPoint\",\"urlTemplate\":\"https:\/\/www.hdforumitalia.it\/it\/?s={search_term_string}\"},\"query-input\":{\"@type\":\"PropertyValueSpecification\",\"valueRequired\":true,\"valueName\":\"search_term_string\"}}],\"inLanguage\":\"it-IT\"},{\"@type\":\"Organization\",\"@id\":\"https:\/\/www.hdforumitalia.it\/it\/#organization\",\"name\":\"HD Forum Italia\",\"url\":\"https:\/\/www.hdforumitalia.it\/it\/\",\"logo\":{\"@type\":\"ImageObject\",\"inLanguage\":\"it-IT\",\"@id\":\"https:\/\/www.hdforumitalia.it\/it\/#\/schema\/logo\/image\/\",\"url\":\"https:\/\/www.hdforumitalia.it\/wp-content\/uploads\/2021\/11\/Logo-Ultra-HD-Forum.jpg\",\"contentUrl\":\"https:\/\/www.hdforumitalia.it\/wp-content\/uploads\/2021\/11\/Logo-Ultra-HD-Forum.jpg\",\"width\":859,\"height\":411,\"caption\":\"HD Forum Italia\"},\"image\":{\"@id\":\"https:\/\/www.hdforumitalia.it\/it\/#\/schema\/logo\/image\/\"}}]}<\/script>\n<!-- \/ Yoast SEO plugin. -->","yoast_head_json":{"title":"Sky - HD Forum Italia","robots":{"index":"index","follow":"follow","max-snippet":"max-snippet:-1","max-image-preview":"max-image-preview:large","max-video-preview":"max-video-preview:-1"},"canonical":"https:\/\/www.hdforumitalia.it\/it\/sky\/","og_locale":"it_IT","og_type":"article","og_title":"Sky - HD Forum Italia","og_description":"Sin dalla sua nascita, Sky Italia propone un modello di intrattenimento unico nel panorama televisivo italiano, unendo la migliore offerta di programmi ed eventi con le tecnologie pi\u00f9 innovative, disponibili anche on demand e in mobilit\u00e0. Sky \u00e8 la prima piattaforma digitale italiana per numero di canali in Alta Definizione (oltre 60), ai quali si&hellip;","og_url":"https:\/\/www.hdforumitalia.it\/it\/sky\/","og_site_name":"HD Forum Italia","article_modified_time":"2023-09-14T09:07:07+00:00","og_image":[{"url":"https:\/\/www.hdforumitalia.it\/wp-content\/uploads\/2023\/09\/Sky_new-e1694682379323.png","type":"","width":"","height":""}],"twitter_card":"summary_large_image","twitter_misc":{"Tempo di lettura stimato":"1 minuto"},"schema":{"@context":"https:\/\/schema.org","@graph":[{"@type":"WebPage","@id":"https:\/\/www.hdforumitalia.it\/it\/sky\/","url":"https:\/\/www.hdforumitalia.it\/it\/sky\/","name":"Sky - HD Forum Italia","isPartOf":{"@id":"https:\/\/www.hdforumitalia.it\/it\/#website"},"primaryImageOfPage":{"@id":"https:\/\/www.hdforumitalia.it\/it\/sky\/#primaryimage"},"image":{"@id":"https:\/\/www.hdforumitalia.it\/it\/sky\/#primaryimage"},"thumbnailUrl":"https:\/\/www.hdforumitalia.it\/wp-content\/uploads\/2023\/09\/Sky_new-e1694682379323.png","datePublished":"2021-10-15T14:04:45+00:00","dateModified":"2023-09-14T09:07:07+00:00","breadcrumb":{"@id":"https:\/\/www.hdforumitalia.it\/it\/sky\/#breadcrumb"},"inLanguage":"it-IT","potentialAction":[{"@type":"ReadAction","target":["https:\/\/www.hdforumitalia.it\/it\/sky\/"]}]},{"@type":"ImageObject","inLanguage":"it-IT","@id":"https:\/\/www.hdforumitalia.it\/it\/sky\/#primaryimage","url":"https:\/\/www.hdforumitalia.it\/wp-content\/uploads\/2023\/09\/Sky_new-e1694682379323.png","contentUrl":"https:\/\/www.hdforumitalia.it\/wp-content\/uploads\/2023\/09\/Sky_new-e1694682379323.png"},{"@type":"BreadcrumbList","@id":"https:\/\/www.hdforumitalia.it\/it\/sky\/#breadcrumb","itemListElement":[{"@type":"ListItem","position":1,"name":"Home","item":"https:\/\/www.hdforumitalia.it\/it\/"},{"@type":"ListItem","position":2,"name":"Sky"}]},{"@type":"WebSite","@id":"https:\/\/www.hdforumitalia.it\/it\/#website","url":"https:\/\/www.hdforumitalia.it\/it\/","name":"HD Forum Italia","description":"Beyond Definition","publisher":{"@id":"https:\/\/www.hdforumitalia.it\/it\/#organization"},"potentialAction":[{"@type":"SearchAction","target":{"@type":"EntryPoint","urlTemplate":"https:\/\/www.hdforumitalia.it\/it\/?s={search_term_string}"},"query-input":{"@type":"PropertyValueSpecification","valueRequired":true,"valueName":"search_term_string"}}],"inLanguage":"it-IT"},{"@type":"Organization","@id":"https:\/\/www.hdforumitalia.it\/it\/#organization","name":"HD Forum Italia","url":"https:\/\/www.hdforumitalia.it\/it\/","logo":{"@type":"ImageObject","inLanguage":"it-IT","@id":"https:\/\/www.hdforumitalia.it\/it\/#\/schema\/logo\/image\/","url":"https:\/\/www.hdforumitalia.it\/wp-content\/uploads\/2021\/11\/Logo-Ultra-HD-Forum.jpg","contentUrl":"https:\/\/www.hdforumitalia.it\/wp-content\/uploads\/2021\/11\/Logo-Ultra-HD-Forum.jpg","width":859,"height":411,"caption":"HD Forum Italia"},"image":{"@id":"https:\/\/www.hdforumitalia.it\/it\/#\/schema\/logo\/image\/"}}]}},"_links":{"self":[{"href":"https:\/\/www.hdforumitalia.it\/it\/wp-json\/wp\/v2\/pages\/2949","targetHints":{"allow":["GET"]}}],"collection":[{"href":"https:\/\/www.hdforumitalia.it\/it\/wp-json\/wp\/v2\/pages"}],"about":[{"href":"https:\/\/www.hdforumitalia.it\/it\/wp-json\/wp\/v2\/types\/page"}],"author":[{"embeddable":true,"href":"https:\/\/www.hdforumitalia.it\/it\/wp-json\/wp\/v2\/users\/1"}],"replies":[{"embeddable":true,"href":"https:\/\/www.hdforumitalia.it\/it\/wp-json\/wp\/v2\/comments?post=2949"}],"version-history":[{"count":7,"href":"https:\/\/www.hdforumitalia.it\/it\/wp-json\/wp\/v2\/pages\/2949\/revisions"}],"predecessor-version":[{"id":7549,"href":"https:\/\/www.hdforumitalia.it\/it\/wp-json\/wp\/v2\/pages\/2949\/revisions\/7549"}],"wp:attachment":[{"href":"https:\/\/www.hdforumitalia.it\/it\/wp-json\/wp\/v2\/media?parent=2949"}],"curies":[{"name":"wp","href":"https:\/\/api.w.org\/{rel}","templated":true}]}}