{"id":3,"date":"2021-03-09T15:28:47","date_gmt":"2021-03-09T14:28:47","guid":{"rendered":"https:\/\/www.hdforumitalia.it\/?page_id=3"},"modified":"2021-10-19T12:15:22","modified_gmt":"2021-10-19T10:15:22","slug":"informativa-estesa-sui-cookie","status":"publish","type":"page","link":"https:\/\/www.hdforumitalia.it\/it\/informativa-estesa-sui-cookie\/","title":{"rendered":"Informativa estesa sui cookie"},"content":{"rendered":"\t\t<div data-elementor-type=\"wp-page\" data-elementor-id=\"3\" class=\"elementor elementor-3\" data-elementor-post-type=\"page\">\n\t\t\t\t\t\t<section class=\"elementor-section elementor-top-section elementor-element elementor-element-14f5dd5b elementor-section-boxed elementor-section-height-default elementor-section-height-default\" data-id=\"14f5dd5b\" data-element_type=\"section\" data-e-type=\"section\">\n\t\t\t\t\t\t<div class=\"elementor-container elementor-column-gap-default\">\n\t\t\t\t\t<div class=\"elementor-column elementor-col-100 elementor-top-column elementor-element elementor-element-53af1772\" data-id=\"53af1772\" data-element_type=\"column\" data-e-type=\"column\">\n\t\t\t<div class=\"elementor-widget-wrap elementor-element-populated\">\n\t\t\t\t\t\t<div class=\"elementor-element elementor-element-22cdcdbb elementor-widget elementor-widget-text-editor\" data-id=\"22cdcdbb\" data-element_type=\"widget\" data-e-type=\"widget\" data-widget_type=\"text-editor.default\">\n\t\t\t\t<div class=\"elementor-widget-container\">\n\t\t\t\t\t\t\t\t\t<h2>INFORMAZIONI GENERALI SUI COOKIE<\/h2>\n<h4>Definizione<\/h4>\n<p>I Cookie sono costituiti da porzioni di codice installate all\u2019interno del browser. Si tratta di piccoli file di testo che i siti visitati dagli utenti inviano ai loro terminali, dove vengono memorizzati per poi essere ritrasmessi agli stessi siti in occasione di visite successive. I Cookie sono utilizzati per diverse finalit\u00e0, hanno diverse peculiarit\u00e0 e possono essere utilizzati sia dal titolare del sito che l\u2019Utente sta visitando, sia da terze parti. Le principali categorie in cui sono suddivisibili i Cookie sono le seguenti:<\/p>\n<ul class=\"\">\n<li>Cookie di sessione o permanenti<\/li>\n<li>Cookie tecnici o di profilazione<\/li>\n<li>Cookie di prime parti o di terze parti<\/li>\n<\/ul>\n<h4>Cookie di sessione e permanenti<\/h4>\n<p>I Cookie possono scadere al termine di una sessione del browser (il periodo fra l\u2019apertura di una finestra del browser da parte dell\u2019Utente e la sua chiusura) oppure possono essere conservati per un arco di tempo pi\u00f9 lungo. I Cookie di sessione sono quelli che consentono ai siti web di collegare le azioni di un utente durante una sessione del browser. I Cookie di sessione scadono quando termina la sessione del browser. I Cookie permanenti sono conservati sul dispositivo di un utente tra le sessioni del browser, per periodi di tempo variabili, e permettono di memorizzare le preferenze o le azioni dell\u2019Utente rispetto a un sito web.<\/p>\n<h4>Cookie tecnici e di profilazione<\/h4>\n<p>I Cookie tecnici sono quelli utilizzati dal titolare di un sito al solo fine di effettuare la trasmissione di una comunicazione su una rete di comunicazione elettronica, o nella misura strettamente necessaria al fornitore di un servizio della societ\u00e0 dell\u2019informazione esplicitamente richiesto dall\u2019abbonato o dall\u2019Utente a erogare tale servizio. Per l\u2019installazione di tali Cookie non \u00e8 richiesto il preventivo consenso degli Utenti laddove utilizzati direttamente dal gestore del sito.<\/p>\n<p>I Cookie di profilazione sono volti a creare profili relativi all\u2019Utente e vengono utilizzati al fine di inviare messaggi pubblicitari in linea con le preferenze manifestate dallo stesso nell\u2019ambito della navigazione in rete. In ragione della particolare invasivit\u00e0 che tali Cookie possono avere nell\u2019ambito della sfera privata degli Utenti, la normativa europea e italiana prevede che l\u2019Utente debba essere adeguatamente informato sull\u2019uso degli stessi, tramite una informativa breve (banner) ed una estesa presente sul sito, e che debba esprimere il proprio espresso consenso al riguardo la prima volta che visita il sito. Tale consenso pu\u00f2 essere espresso in maniera generale, interagendo con il banner di informativa breve presente sulla pagina di approdo del sito, con le modalit\u00e0 indicate in tale banner, oppure pu\u00f2 essere fornito o negato in maniera selettiva, secondo le modalit\u00e0 di seguito indicate. Di questo consenso, viene tenuta traccia in occasione delle visite successive. Tuttavia, l\u2019Utente ha sempre la possibilit\u00e0 di revocare in tutto o in parte il consenso gi\u00e0 espresso.<\/p>\n<h4>Cookie di prima parte e di terze parti<\/h4>\n<p>Un Cookie \u00e8 \u201cdi prima parte\u201d (c.d. first party cookie) o \u201cdi terze parti\u201d (c.d. third party cookie) in base al sito web o al dominio da cui proviene.<\/p>\n<p>I Cookie di prima parte sono, in sostanza, i Cookie impostati e gestiti dal titolare del sito. Per questi Cookie, l\u2019obbligo dell\u2019informativa, dell\u2019acquisizione dell\u2019eventuale previo consenso e\/o il possibile blocco dei Cookie spetta al titolare del sito.<\/p>\n<p>I Cookie di terza parte sono i Cookie impostati da un dominio diverso da quello visitato dall\u2019Utente. Per questi Cookie, l\u2019obbligo dell\u2019informativa e dell\u2019indicazione delle modalit\u00e0 per l\u2019eventuale consenso e\/o blocco dei Cookie spetta alla terza parte, mentre al titolare del sito \u00e8 fatto solo obbligo di inserire nel sito il link al sito della terza parte ove tali elementi sono disponibili.<\/p>\n<h2>UTILIZZO DEI COOKIE DA PARTE DEL SITO<\/h2>\n<h3>PREMESSA<\/h3>\n<p>Qui di seguito, il titolare, Associazione HD Forum Italia, con sede in \u00a0Viale del Policlinico 147 00161 ROMA (RM), Italia, indirizzo e-mail info@hdforumitalia.it\u00a0(di seguito, per brevit\u00e0, \u201cTitolare\u201d), fornisce all\u2019Utente tutte le informazioni sui Cookie installati attraverso il suo sito\u00a0(di seguito, quando collettivamente richiamati \u201cSpazio Web\u201d) e le indicazioni necessarie su come gestire le proprie preferenze riguardo ad essi.<\/p>\n<p>Il Titolare informa altres\u00ec gli Utenti che la presente Cookie policy si inquadra nell\u2019ambito delle singole privacy policy di ciascun sito facente parte dello Spazio Web, disponibile nella sezione \u201cprivacy\u201d di tali siti, ove gli Utenti potranno acquisite tutte le informazioni richieste dall\u2019art. 13 del D.Lgs. 196\/2003 (di seguito, per brevit\u00e0, \u201cCodice Privacy\u201d).<\/p>\n<p><strong>COOKIE DI PRIMA PARTE<\/strong><br \/>Cookie tecnici e di statistica aggregata<br \/>I Cookie tecnici utilizzati dal Titolare nello Spazio Web possono essere suddivisi nelle seguenti sottocategorie:<br \/>cookie di navigazione, per mezzo dei quali si possono salvare le preferenze di navigazione ed ottimizzare l\u2019esperienza di navigazione dell\u2019Utente<br \/>cookie analytics, per mezzo dei quali si acquisiscono informazioni statistiche in merito alle modalit\u00e0 di navigazione degli uUtenti. Tali informazioni sono trattate in forma aggregata ed anonima<br \/>cookie di funzionalit\u00e0, anche di terze parti, utilizzati per attivare specifiche funzionalit\u00e0 di questo Spazio Web e necessari ad erogare il servizio o migliorarlo.<br \/>Tali Cookie, come specificato al precedente paragrafo, essendo di natura tecnica, non necessitano del preventivo consenso dell\u2019Utente per essere installati ed utilizzati.<\/p>\n<h2>ALTRE TIPOLOGIE DI COOKIE O STRUMENTI DI TERZI<\/h2>\n<p>Alcuni dei servizi elencati di seguito in base alla funzionalit\u00e0 offerta agli Utenti, incentrati sull\u2019uso di Cookie di terze parti, potrebbero non richiedere il consenso dell\u2019Utente.<\/p>\n<p>Tali terzi, inoltre, potrebbero \u2013 in aggiunta a quanto specificato nella presente policy ed anche all\u2019insaputa del Titolare \u2013 compiere ulteriori attivit\u00e0 di tracciamento dell\u2019Utente. Per informazioni dettagliate in merito, si consiglia di consultare le rispettive privacy policy dei servizi elencati, nella quale l\u2019Utente potr\u00e0 ricevere le informazioni sul relativo trattamento ed esprimere il suo consenso al riguardo.<\/p>\n<p>Il Titolare fa presente che in merito ai Cookie di terze parti, lo stesso ha unicamente l\u2019obbligo di inserire nella presente Cookie policy il link al sito della terza parte. E\u2019 a carico di tale soggetto, invece, l\u2019obbligo di rendere una idonea informativa in merito al trattamento effettuato nonch\u00e9 fornire informazioni agli Utenti sulle modalit\u00e0 per l\u2019eventuale blocco dei Cookie utilizzati.<\/p>\n<h4>Interazione con social network e piattaforme esterne<\/h4>\n<p>Questi servizi permettono di effettuare interazioni con i social network, o con altre piattaforme esterne, direttamente dalle pagine di questo Spazio Web.<br \/>Le interazioni e le informazioni acquisite da questo Spazio Web sono in ogni caso soggette alle impostazioni privacy dell\u2019Utente relative ad ogni social network.<br \/>Nel caso in cui sia installato un servizio di interazione con i social network, \u00e8 possibile che, anche nel caso gli Utenti non utilizzino il servizio, lo stesso raccolga dati di traffico relativi alle pagine in cui \u00e8 installato.<\/p>\n<h4>Pulsante Mi Piace e widget sociali di Facebook (Facebook, Inc.)<\/h4>\n<p>Il pulsante \u201cMi Piace\u201d e i widget sociali di Facebook sono servizi di interazione con il social network Facebook, forniti da Facebook, Inc.<br \/>Dati personali raccolti: Cookie e Dati di utilizzo.<br \/>Luogo del trattamento : USA \u2013\u00a0<a href=\"http:\/\/www.facebook.com\/privacy\/explanation.php\" target=\"_blank\" rel=\"noopener\">Privacy Policy<\/a><\/p>\n<h4>Pulsante +1 e widget sociali di Google+ (Google Inc.)<\/h4>\n<p>Il pulsante +1 e i widget sociali di Google+ sono servizi di interazione con il social network Google+, forniti da Google Inc.<br \/>Dati personali raccolti: Cookie e Dati di utilizzo.<br \/>Luogo del trattamento : USA \u2013\u00a0<a href=\"http:\/\/www.google.com\/intl\/it\/policies\/privacy\/\" target=\"_blank\" rel=\"noopener\">Privacy Policy<\/a><\/p>\n<h4>Pulsante Tweet e widget sociali di Twitter (Twitter, Inc.)<\/h4>\n<p>Il pulsante Tweet e i widget sociali di Twitter sono servizi di interazione con il social network Twitter, forniti da Twitter, Inc.<br \/>Dati personali raccolti: Cookie e Dati di utilizzo.<br \/>Luogo del trattamento : USA \u2013\u00a0<a href=\"http:\/\/twitter.com\/privacy\" target=\"_blank\" rel=\"noopener\">Privacy Policy<\/a><\/p>\n<h4>Statistica<\/h4>\n<h4>Google Analytics (Google Inc.)<\/h4>\n<p>Google Analytics \u00e8 un servizio di analisi web fornito da Google Inc. (\u201cGoogle\u201d). Google utilizza i Dati Personali raccolti allo scopo di tracciare ed esaminare l\u2019utilizzo di questo Spazio Web, compilare report e condividerli con gli altri servizi sviluppati da Google.<br \/>Google potrebbe utilizzare i Dati Personali per contestualizzare e personalizzare gli annunci del proprio network pubblicitario.<br \/>Dati personali raccolti: Cookie e Dati di utilizzo.<br \/>Luogo del trattamento : USA \u2013\u00a0<a href=\"http:\/\/www.google.com\/intl\/it\/policies\/privacy\/\" target=\"_blank\" rel=\"noopener\">Privacy Policy<\/a>\u00a0\u2013\u00a0<a href=\"http:\/\/tools.google.com\/dlpage\/gaoptout?hl=it\" target=\"_blank\" rel=\"noopener\">Opt Out<\/a><\/p>\n<h3>Ruolo del titolare come erogatore di servizi pubblicitari<\/h3>\n<p>Il Titolare informa che gli strumenti elencati nelle sezioni del presente documento che riguardano il trattamento per fini pubblicitari e di tracciamento degli Utenti, sono utilizzati anche nel caso in cui il Titolare operi come fornitore di servizi pubblicitari verso terze parti.<\/p>\n<h3>Utilizzo da parte di minori<\/h3>\n<p>Gli Utenti dichiarano di essere maggiorenni secondo la legislazione loro applicabile. I minorenni possono utilizzare questo Spazio Web solo con l\u2019assistenza di un genitore o di un tutore.<\/p>\n<h3>Come posso controllare l\u2019installazione di Cookie?<\/h3>\n<p>In aggiunta a quanto indicato in questo documento, l\u2019Utente pu\u00f2 gestire le preferenze relative ai Cookie direttamente all\u2019interno del proprio browser ed impedire \u2013 ad esempio \u2013 che terze parti possano installarne. Tramite le preferenze del browser \u00e8 inoltre possibile eliminare i Cookie installati in passato, incluso il Cookie in cui venga eventualmente salvato il consenso all\u2019installazione di Cookie da parte di questo sito. \u00c8 importante notare che disabilitando tutti i Cookie, il funzionamento di questo sito potrebbe essere compromesso. Puoi trovare informazioni su come gestire i Cookie nel tuo browser ai seguenti indirizzi:\u00a0<a href=\"https:\/\/support.google.com\/chrome\/answer\/95647?hl=en&amp;p=cpn_cookies\" target=\"_blank\" rel=\"noopener\">Google Chrome<\/a>,<a href=\"https:\/\/support.mozilla.org\/it\/kb\/Attivare%20e%20disattivare%20i%20cookie?redirectlocale=en-US&amp;redirectslug=Enabling+and+disabling+cookies\" target=\"_blank\" rel=\"noopener\">Mozilla Firefox<\/a>,\u00a0<a href=\"https:\/\/support.apple.com\/kb\/PH19214?viewlocale=it_IT&amp;locale=en_US\" target=\"_blank\" rel=\"noopener\">Apple Safari<\/a>\u00a0and\u00a0<a href=\"http:\/\/windows.microsoft.com\/it-it\/windows-vista\/block-or-allow-cookies\" target=\"_blank\" rel=\"noopener\">Microsoft Windows Explorer<\/a>.<\/p>\n<p>In caso di servizi erogati da terze parti, l\u2019Utente pu\u00f2 inoltre esercitare il proprio diritto ad opporsi al tracciamento informandosi tramite la privacy policy della terza parte, tramite il link di opt out se esplicitamente fornito nella presente Cookie policy o contattando direttamente la stessa.<\/p>\n<p>Fermo restando quanto precede, il Titolare informa che l\u2019Utente pu\u00f2 avvalersi di\u00a0<a href=\"http:\/\/www.youronlinechoices.com\/\" target=\"_blank\" rel=\"noopener\">Your Online Choices<\/a>. Attraverso tale servizio \u00e8 possibile gestire le preferenze di tracciamento della maggior parte degli strumenti pubblicitari. Il Titolare, pertanto, consiglia agli Utenti di utilizzare tale risorsa in aggiunta alle informazioni fornite dal presente documento.<\/p>\t\t\t\t\t\t\t\t<\/div>\n\t\t\t\t<\/div>\n\t\t\t\t\t<\/div>\n\t\t<\/div>\n\t\t\t\t\t<\/div>\n\t\t<\/section>\n\t\t\t\t<\/div>\n\t\t","protected":false},"excerpt":{"rendered":"<p>INFORMAZIONI GENERALI SUI COOKIE Definizione I Cookie sono costituiti da porzioni di codice installate all\u2019interno del browser. Si tratta di piccoli file di testo che i siti visitati dagli utenti inviano ai loro terminali, dove vengono memorizzati per poi essere ritrasmessi agli stessi siti in occasione di visite successive. I Cookie sono utilizzati per diverse&hellip;<\/p>\n","protected":false},"author":1,"featured_media":0,"parent":0,"menu_order":0,"comment_status":"closed","ping_status":"open","template":"","meta":{"footnotes":""},"class_list":["post-3","page","type-page","status-publish","hentry"],"yoast_head":"<!-- This site is optimized with the Yoast SEO plugin v27.1.1 - https:\/\/yoast.com\/product\/yoast-seo-wordpress\/ -->\n<title>Informativa estesa sui cookie - HD Forum Italia<\/title>\n<meta name=\"robots\" content=\"index, follow, max-snippet:-1, max-image-preview:large, max-video-preview:-1\" \/>\n<link rel=\"canonical\" href=\"https:\/\/www.hdforumitalia.it\/it\/informativa-estesa-sui-cookie\/\" \/>\n<meta property=\"og:locale\" content=\"it_IT\" \/>\n<meta property=\"og:type\" content=\"article\" \/>\n<meta property=\"og:title\" content=\"Informativa estesa sui cookie - HD Forum Italia\" \/>\n<meta property=\"og:description\" content=\"INFORMAZIONI GENERALI SUI COOKIE Definizione I Cookie sono costituiti da porzioni di codice installate all\u2019interno del browser. Si tratta di piccoli file di testo che i siti visitati dagli utenti inviano ai loro terminali, dove vengono memorizzati per poi essere ritrasmessi agli stessi siti in occasione di visite successive. I Cookie sono utilizzati per diverse&hellip;\" \/>\n<meta property=\"og:url\" content=\"https:\/\/www.hdforumitalia.it\/it\/informativa-estesa-sui-cookie\/\" \/>\n<meta property=\"og:site_name\" content=\"HD Forum Italia\" \/>\n<meta property=\"article:modified_time\" content=\"2021-10-19T10:15:22+00:00\" \/>\n<meta name=\"twitter:card\" content=\"summary_large_image\" \/>\n<meta name=\"twitter:label1\" content=\"Tempo di lettura stimato\" \/>\n\t<meta name=\"twitter:data1\" content=\"8 minuti\" \/>\n<script type=\"application\/ld+json\" class=\"yoast-schema-graph\">{\"@context\":\"https:\/\/schema.org\",\"@graph\":[{\"@type\":\"WebPage\",\"@id\":\"https:\/\/www.hdforumitalia.it\/it\/informativa-estesa-sui-cookie\/\",\"url\":\"https:\/\/www.hdforumitalia.it\/it\/informativa-estesa-sui-cookie\/\",\"name\":\"Informativa estesa sui cookie - HD Forum Italia\",\"isPartOf\":{\"@id\":\"https:\/\/www.hdforumitalia.it\/it\/#website\"},\"datePublished\":\"2021-03-09T14:28:47+00:00\",\"dateModified\":\"2021-10-19T10:15:22+00:00\",\"breadcrumb\":{\"@id\":\"https:\/\/www.hdforumitalia.it\/it\/informativa-estesa-sui-cookie\/#breadcrumb\"},\"inLanguage\":\"it-IT\",\"potentialAction\":[{\"@type\":\"ReadAction\",\"target\":[\"https:\/\/www.hdforumitalia.it\/it\/informativa-estesa-sui-cookie\/\"]}]},{\"@type\":\"BreadcrumbList\",\"@id\":\"https:\/\/www.hdforumitalia.it\/it\/informativa-estesa-sui-cookie\/#breadcrumb\",\"itemListElement\":[{\"@type\":\"ListItem\",\"position\":1,\"name\":\"Home\",\"item\":\"https:\/\/www.hdforumitalia.it\/it\/\"},{\"@type\":\"ListItem\",\"position\":2,\"name\":\"Informativa estesa sui cookie\"}]},{\"@type\":\"WebSite\",\"@id\":\"https:\/\/www.hdforumitalia.it\/it\/#website\",\"url\":\"https:\/\/www.hdforumitalia.it\/it\/\",\"name\":\"HD Forum Italia\",\"description\":\"Beyond Definition\",\"publisher\":{\"@id\":\"https:\/\/www.hdforumitalia.it\/it\/#organization\"},\"potentialAction\":[{\"@type\":\"SearchAction\",\"target\":{\"@type\":\"EntryPoint\",\"urlTemplate\":\"https:\/\/www.hdforumitalia.it\/it\/?s={search_term_string}\"},\"query-input\":{\"@type\":\"PropertyValueSpecification\",\"valueRequired\":true,\"valueName\":\"search_term_string\"}}],\"inLanguage\":\"it-IT\"},{\"@type\":\"Organization\",\"@id\":\"https:\/\/www.hdforumitalia.it\/it\/#organization\",\"name\":\"HD Forum Italia\",\"url\":\"https:\/\/www.hdforumitalia.it\/it\/\",\"logo\":{\"@type\":\"ImageObject\",\"inLanguage\":\"it-IT\",\"@id\":\"https:\/\/www.hdforumitalia.it\/it\/#\/schema\/logo\/image\/\",\"url\":\"https:\/\/www.hdforumitalia.it\/wp-content\/uploads\/2021\/11\/Logo-Ultra-HD-Forum.jpg\",\"contentUrl\":\"https:\/\/www.hdforumitalia.it\/wp-content\/uploads\/2021\/11\/Logo-Ultra-HD-Forum.jpg\",\"width\":859,\"height\":411,\"caption\":\"HD Forum Italia\"},\"image\":{\"@id\":\"https:\/\/www.hdforumitalia.it\/it\/#\/schema\/logo\/image\/\"}}]}<\/script>\n<!-- \/ Yoast SEO plugin. -->","yoast_head_json":{"title":"Informativa estesa sui cookie - HD Forum Italia","robots":{"index":"index","follow":"follow","max-snippet":"max-snippet:-1","max-image-preview":"max-image-preview:large","max-video-preview":"max-video-preview:-1"},"canonical":"https:\/\/www.hdforumitalia.it\/it\/informativa-estesa-sui-cookie\/","og_locale":"it_IT","og_type":"article","og_title":"Informativa estesa sui cookie - HD Forum Italia","og_description":"INFORMAZIONI GENERALI SUI COOKIE Definizione I Cookie sono costituiti da porzioni di codice installate all\u2019interno del browser. Si tratta di piccoli file di testo che i siti visitati dagli utenti inviano ai loro terminali, dove vengono memorizzati per poi essere ritrasmessi agli stessi siti in occasione di visite successive. I Cookie sono utilizzati per diverse&hellip;","og_url":"https:\/\/www.hdforumitalia.it\/it\/informativa-estesa-sui-cookie\/","og_site_name":"HD Forum Italia","article_modified_time":"2021-10-19T10:15:22+00:00","twitter_card":"summary_large_image","twitter_misc":{"Tempo di lettura stimato":"8 minuti"},"schema":{"@context":"https:\/\/schema.org","@graph":[{"@type":"WebPage","@id":"https:\/\/www.hdforumitalia.it\/it\/informativa-estesa-sui-cookie\/","url":"https:\/\/www.hdforumitalia.it\/it\/informativa-estesa-sui-cookie\/","name":"Informativa estesa sui cookie - HD Forum Italia","isPartOf":{"@id":"https:\/\/www.hdforumitalia.it\/it\/#website"},"datePublished":"2021-03-09T14:28:47+00:00","dateModified":"2021-10-19T10:15:22+00:00","breadcrumb":{"@id":"https:\/\/www.hdforumitalia.it\/it\/informativa-estesa-sui-cookie\/#breadcrumb"},"inLanguage":"it-IT","potentialAction":[{"@type":"ReadAction","target":["https:\/\/www.hdforumitalia.it\/it\/informativa-estesa-sui-cookie\/"]}]},{"@type":"BreadcrumbList","@id":"https:\/\/www.hdforumitalia.it\/it\/informativa-estesa-sui-cookie\/#breadcrumb","itemListElement":[{"@type":"ListItem","position":1,"name":"Home","item":"https:\/\/www.hdforumitalia.it\/it\/"},{"@type":"ListItem","position":2,"name":"Informativa estesa sui cookie"}]},{"@type":"WebSite","@id":"https:\/\/www.hdforumitalia.it\/it\/#website","url":"https:\/\/www.hdforumitalia.it\/it\/","name":"HD Forum Italia","description":"Beyond Definition","publisher":{"@id":"https:\/\/www.hdforumitalia.it\/it\/#organization"},"potentialAction":[{"@type":"SearchAction","target":{"@type":"EntryPoint","urlTemplate":"https:\/\/www.hdforumitalia.it\/it\/?s={search_term_string}"},"query-input":{"@type":"PropertyValueSpecification","valueRequired":true,"valueName":"search_term_string"}}],"inLanguage":"it-IT"},{"@type":"Organization","@id":"https:\/\/www.hdforumitalia.it\/it\/#organization","name":"HD Forum Italia","url":"https:\/\/www.hdforumitalia.it\/it\/","logo":{"@type":"ImageObject","inLanguage":"it-IT","@id":"https:\/\/www.hdforumitalia.it\/it\/#\/schema\/logo\/image\/","url":"https:\/\/www.hdforumitalia.it\/wp-content\/uploads\/2021\/11\/Logo-Ultra-HD-Forum.jpg","contentUrl":"https:\/\/www.hdforumitalia.it\/wp-content\/uploads\/2021\/11\/Logo-Ultra-HD-Forum.jpg","width":859,"height":411,"caption":"HD Forum Italia"},"image":{"@id":"https:\/\/www.hdforumitalia.it\/it\/#\/schema\/logo\/image\/"}}]}},"_links":{"self":[{"href":"https:\/\/www.hdforumitalia.it\/it\/wp-json\/wp\/v2\/pages\/3","targetHints":{"allow":["GET"]}}],"collection":[{"href":"https:\/\/www.hdforumitalia.it\/it\/wp-json\/wp\/v2\/pages"}],"about":[{"href":"https:\/\/www.hdforumitalia.it\/it\/wp-json\/wp\/v2\/types\/page"}],"author":[{"embeddable":true,"href":"https:\/\/www.hdforumitalia.it\/it\/wp-json\/wp\/v2\/users\/1"}],"replies":[{"embeddable":true,"href":"https:\/\/www.hdforumitalia.it\/it\/wp-json\/wp\/v2\/comments?post=3"}],"version-history":[{"count":4,"href":"https:\/\/www.hdforumitalia.it\/it\/wp-json\/wp\/v2\/pages\/3\/revisions"}],"predecessor-version":[{"id":3665,"href":"https:\/\/www.hdforumitalia.it\/it\/wp-json\/wp\/v2\/pages\/3\/revisions\/3665"}],"wp:attachment":[{"href":"https:\/\/www.hdforumitalia.it\/it\/wp-json\/wp\/v2\/media?parent=3"}],"curies":[{"name":"wp","href":"https:\/\/api.w.org\/{rel}","templated":true}]}}