{"id":3156,"date":"2021-10-18T10:54:26","date_gmt":"2021-10-18T08:54:26","guid":{"rendered":"https:\/\/www.hdforumitalia.it\/?page_id=3156"},"modified":"2023-06-30T12:05:32","modified_gmt":"2023-06-30T10:05:32","slug":"che-cose","status":"publish","type":"page","link":"https:\/\/www.hdforumitalia.it\/it\/che-cose\/","title":{"rendered":"Che cos\u2019\u00e8"},"content":{"rendered":"\t\t<div data-elementor-type=\"wp-page\" data-elementor-id=\"3156\" class=\"elementor elementor-3156\" data-elementor-post-type=\"page\">\n\t\t\t\t\t\t<section class=\"elementor-section elementor-top-section elementor-element elementor-element-0d8b574 elementor-section-boxed elementor-section-height-default elementor-section-height-default\" data-id=\"0d8b574\" data-element_type=\"section\" data-e-type=\"section\">\n\t\t\t\t\t\t<div class=\"elementor-container elementor-column-gap-default\">\n\t\t\t\t\t<div class=\"elementor-column elementor-col-100 elementor-top-column elementor-element elementor-element-ed0cf0f\" data-id=\"ed0cf0f\" data-element_type=\"column\" data-e-type=\"column\">\n\t\t\t<div class=\"elementor-widget-wrap elementor-element-populated\">\n\t\t\t\t\t\t<div class=\"elementor-element elementor-element-a75342e elementor-widget elementor-widget-heading\" data-id=\"a75342e\" data-element_type=\"widget\" data-e-type=\"widget\" data-widget_type=\"heading.default\">\n\t\t\t\t<div class=\"elementor-widget-container\">\n\t\t\t\t\t<h2 class=\"elementor-heading-title elementor-size-default\">Che cos'\u00e8<\/h2>\t\t\t\t<\/div>\n\t\t\t\t<\/div>\n\t\t\t\t<div class=\"elementor-element elementor-element-909aab7 elementor-widget elementor-widget-text-editor\" data-id=\"909aab7\" data-element_type=\"widget\" data-e-type=\"widget\" data-widget_type=\"text-editor.default\">\n\t\t\t\t<div class=\"elementor-widget-container\">\n\t\t\t\t\t\t\t\t\t<p><span style=\"color: #000000;\"><strong>HD Forum Italia<\/strong> \u00e8 un\u2019associazione nata per <strong>promuovere<\/strong>, <strong>sostenere<\/strong> e <strong>diffondere<\/strong> l\u2019uso di contenuti audiovisivi e multimediali, prodotti e tecnologie in <strong>Alta Definizione<\/strong>, <strong>Ultra Alta Definizione<\/strong>\u00a0e altre soluzioni audiovisive evolute. Nata nel 2006, HD Forum Italia riunisce in associazione i protagonisti\u00a0<\/span><span style=\"color: #000000; font-family: var( --e-global-typography-text-font-family ), Sans-serif; font-weight: var( --e-global-typography-text-font-weight ); letter-spacing: var(--the7-base-letter-spacing); text-transform: var(--the7-base-text-transform); word-spacing: normal;\">italiani\u00a0<\/span><span style=\"color: #000000; font-family: var( --e-global-typography-text-font-family ), Sans-serif; font-weight: var( --e-global-typography-text-font-weight ); letter-spacing: var(--the7-base-letter-spacing); text-transform: var(--the7-base-text-transform); word-spacing: normal;\">del settore e le rappresentanze italiane di Societ\u00e0 estere dell\u2019audiovisivo, allo scopo di creare un <\/span><strong style=\"color: #000000; font-family: var( --e-global-typography-text-font-family ), Sans-serif; letter-spacing: var(--the7-base-letter-spacing); text-transform: var(--the7-base-text-transform); word-spacing: normal;\">centro catalizzatore<\/strong><span style=\"color: #000000; font-family: var( --e-global-typography-text-font-family ), Sans-serif; font-weight: var( --e-global-typography-text-font-weight ); letter-spacing: var(--the7-base-letter-spacing); text-transform: var(--the7-base-text-transform); word-spacing: normal;\"> di esperienze e interessi che risponda all\u2019esigenza di affrontare adeguatamente uno scenario evolutivo inedito. Parallelamente all\u2019evoluzione dell\u2019Alta Definizione, anche HD Forum Italia \u00e8 progredita, ha infoltito il numero dei suoi membri, si \u00e8 strutturata e organizzata per promuovere e sostenere il fenomeno tecnologico, sempre escludendo ogni finalit\u00e0 di lucro.\u00a0<\/span><span style=\"color: #000000; font-family: var( --e-global-typography-text-font-family ), Sans-serif; font-weight: var( --e-global-typography-text-font-weight ); letter-spacing: var(--the7-base-letter-spacing); text-transform: var(--the7-base-text-transform); word-spacing: normal;\">HD Forum Italia guarda oggi alle <\/span><strong style=\"color: #000000; font-family: var( --e-global-typography-text-font-family ), Sans-serif; letter-spacing: var(--the7-base-letter-spacing); text-transform: var(--the7-base-text-transform); word-spacing: normal;\">nuove sfide tecnologiche<\/strong><span style=\"color: #000000; font-family: var( --e-global-typography-text-font-family ), Sans-serif; font-weight: var( --e-global-typography-text-font-weight ); letter-spacing: var(--the7-base-letter-spacing); text-transform: var(--the7-base-text-transform); word-spacing: normal;\">: integrazione tra <\/span><strong style=\"color: #000000; font-family: var( --e-global-typography-text-font-family ), Sans-serif; letter-spacing: var(--the7-base-letter-spacing); text-transform: var(--the7-base-text-transform); word-spacing: normal;\">TV via etere<\/strong><span style=\"color: #000000; font-family: var( --e-global-typography-text-font-family ), Sans-serif; letter-spacing: var(--the7-base-letter-spacing); text-transform: var(--the7-base-text-transform); word-spacing: normal;\">,<\/span><span style=\"color: #000000; font-family: var( --e-global-typography-text-font-family ), Sans-serif; font-weight: var( --e-global-typography-text-font-weight ); letter-spacing: var(--the7-base-letter-spacing); text-transform: var(--the7-base-text-transform); word-spacing: normal;\">\u00a0<\/span><strong style=\"color: #000000; font-family: var( --e-global-typography-text-font-family ), Sans-serif; letter-spacing: var(--the7-base-letter-spacing); text-transform: var(--the7-base-text-transform); word-spacing: normal;\">TV via internet <\/strong><span style=\"color: #000000; font-family: var( --e-global-typography-text-font-family ), Sans-serif; letter-spacing: var(--the7-base-letter-spacing); text-transform: var(--the7-base-text-transform); word-spacing: normal;\">e<\/span><span style=\"color: #000000; font-family: var( --e-global-typography-text-font-family ), Sans-serif; font-weight: var( --e-global-typography-text-font-weight ); letter-spacing: var(--the7-base-letter-spacing); text-transform: var(--the7-base-text-transform); word-spacing: normal;\">\u00a0<\/span><strong style=\"color: #000000; font-family: var( --e-global-typography-text-font-family ), Sans-serif; letter-spacing: var(--the7-base-letter-spacing); text-transform: var(--the7-base-text-transform); word-spacing: normal;\">Ultra Alta Definizione<\/strong><span style=\"color: #000000; font-family: var( --e-global-typography-text-font-family ), Sans-serif; font-weight: var( --e-global-typography-text-font-weight ); letter-spacing: var(--the7-base-letter-spacing); text-transform: var(--the7-base-text-transform); word-spacing: normal;\">. \u00c8 questo il senso di \u201c<\/span><strong style=\"color: #000000; font-family: var( --e-global-typography-text-font-family ), Sans-serif; letter-spacing: var(--the7-base-letter-spacing); text-transform: var(--the7-base-text-transform); word-spacing: normal;\">High definition and Beyond<\/strong><span style=\"color: #000000; font-family: var( --e-global-typography-text-font-family ), Sans-serif; font-weight: var( --e-global-typography-text-font-weight ); letter-spacing: var(--the7-base-letter-spacing); text-transform: var(--the7-base-text-transform); word-spacing: normal;\">\u201d, una \u201cbrand extension\u201d che completa il suo logo e rinforza la sua missione. HD Forum Italia \u00e8 una libera associazione di filiera le cui porte sono aperte a tutti i soggetti con interessi istituzionali, commerciali o industriali nel settore dell\u2019audiovisivo e della televisione: produttori, fornitori e aggregatori di contenuti, broadcaster, operatori di rete, istituti e laboratori di ricerca, costruttori e distributori di apparati, rappresentanze delle istituzioni.<\/span><\/p>\t\t\t\t\t\t\t\t<\/div>\n\t\t\t\t<\/div>\n\t\t\t\t\t<\/div>\n\t\t<\/div>\n\t\t\t\t\t<\/div>\n\t\t<\/section>\n\t\t\t\t<\/div>\n\t\t","protected":false},"excerpt":{"rendered":"<p>Che cos&#8217;\u00e8 HD Forum Italia \u00e8 un\u2019associazione nata per promuovere, sostenere e diffondere l\u2019uso di contenuti audiovisivi e multimediali, prodotti e tecnologie in Alta Definizione, Ultra Alta Definizione\u00a0e altre soluzioni audiovisive evolute. Nata nel 2006, HD Forum Italia riunisce in associazione i protagonisti\u00a0italiani\u00a0del settore e le rappresentanze italiane di Societ\u00e0 estere dell\u2019audiovisivo, allo scopo di&hellip;<\/p>\n","protected":false},"author":1,"featured_media":0,"parent":0,"menu_order":0,"comment_status":"closed","ping_status":"closed","template":"","meta":{"footnotes":""},"class_list":["post-3156","page","type-page","status-publish","hentry"],"yoast_head":"<!-- This site is optimized with the Yoast SEO plugin v27.1.1 - https:\/\/yoast.com\/product\/yoast-seo-wordpress\/ -->\n<title>Che cos\u2019\u00e8 - HD Forum Italia<\/title>\n<meta name=\"robots\" content=\"index, follow, max-snippet:-1, max-image-preview:large, max-video-preview:-1\" \/>\n<link rel=\"canonical\" href=\"https:\/\/www.hdforumitalia.it\/it\/che-cose\/\" \/>\n<meta property=\"og:locale\" content=\"it_IT\" \/>\n<meta property=\"og:type\" content=\"article\" \/>\n<meta property=\"og:title\" content=\"Che cos\u2019\u00e8 - HD Forum Italia\" \/>\n<meta property=\"og:description\" content=\"Che cos&#8217;\u00e8 HD Forum Italia \u00e8 un\u2019associazione nata per promuovere, sostenere e diffondere l\u2019uso di contenuti audiovisivi e multimediali, prodotti e tecnologie in Alta Definizione, Ultra Alta Definizione\u00a0e altre soluzioni audiovisive evolute. Nata nel 2006, HD Forum Italia riunisce in associazione i protagonisti\u00a0italiani\u00a0del settore e le rappresentanze italiane di Societ\u00e0 estere dell\u2019audiovisivo, allo scopo di&hellip;\" \/>\n<meta property=\"og:url\" content=\"https:\/\/www.hdforumitalia.it\/it\/che-cose\/\" \/>\n<meta property=\"og:site_name\" content=\"HD Forum Italia\" \/>\n<meta property=\"article:modified_time\" content=\"2023-06-30T10:05:32+00:00\" \/>\n<meta name=\"twitter:card\" content=\"summary_large_image\" \/>\n<meta name=\"twitter:label1\" content=\"Tempo di lettura stimato\" \/>\n\t<meta name=\"twitter:data1\" content=\"2 minuti\" \/>\n<script type=\"application\/ld+json\" class=\"yoast-schema-graph\">{\"@context\":\"https:\/\/schema.org\",\"@graph\":[{\"@type\":\"WebPage\",\"@id\":\"https:\/\/www.hdforumitalia.it\/it\/che-cose\/\",\"url\":\"https:\/\/www.hdforumitalia.it\/it\/che-cose\/\",\"name\":\"Che cos\u2019\u00e8 - HD Forum Italia\",\"isPartOf\":{\"@id\":\"https:\/\/www.hdforumitalia.it\/it\/#website\"},\"datePublished\":\"2021-10-18T08:54:26+00:00\",\"dateModified\":\"2023-06-30T10:05:32+00:00\",\"breadcrumb\":{\"@id\":\"https:\/\/www.hdforumitalia.it\/it\/che-cose\/#breadcrumb\"},\"inLanguage\":\"it-IT\",\"potentialAction\":[{\"@type\":\"ReadAction\",\"target\":[\"https:\/\/www.hdforumitalia.it\/it\/che-cose\/\"]}]},{\"@type\":\"BreadcrumbList\",\"@id\":\"https:\/\/www.hdforumitalia.it\/it\/che-cose\/#breadcrumb\",\"itemListElement\":[{\"@type\":\"ListItem\",\"position\":1,\"name\":\"Home\",\"item\":\"https:\/\/www.hdforumitalia.it\/it\/\"},{\"@type\":\"ListItem\",\"position\":2,\"name\":\"Che cos\u2019\u00e8\"}]},{\"@type\":\"WebSite\",\"@id\":\"https:\/\/www.hdforumitalia.it\/it\/#website\",\"url\":\"https:\/\/www.hdforumitalia.it\/it\/\",\"name\":\"HD Forum Italia\",\"description\":\"Beyond Definition\",\"publisher\":{\"@id\":\"https:\/\/www.hdforumitalia.it\/it\/#organization\"},\"potentialAction\":[{\"@type\":\"SearchAction\",\"target\":{\"@type\":\"EntryPoint\",\"urlTemplate\":\"https:\/\/www.hdforumitalia.it\/it\/?s={search_term_string}\"},\"query-input\":{\"@type\":\"PropertyValueSpecification\",\"valueRequired\":true,\"valueName\":\"search_term_string\"}}],\"inLanguage\":\"it-IT\"},{\"@type\":\"Organization\",\"@id\":\"https:\/\/www.hdforumitalia.it\/it\/#organization\",\"name\":\"HD Forum Italia\",\"url\":\"https:\/\/www.hdforumitalia.it\/it\/\",\"logo\":{\"@type\":\"ImageObject\",\"inLanguage\":\"it-IT\",\"@id\":\"https:\/\/www.hdforumitalia.it\/it\/#\/schema\/logo\/image\/\",\"url\":\"https:\/\/www.hdforumitalia.it\/wp-content\/uploads\/2021\/11\/Logo-Ultra-HD-Forum.jpg\",\"contentUrl\":\"https:\/\/www.hdforumitalia.it\/wp-content\/uploads\/2021\/11\/Logo-Ultra-HD-Forum.jpg\",\"width\":859,\"height\":411,\"caption\":\"HD Forum Italia\"},\"image\":{\"@id\":\"https:\/\/www.hdforumitalia.it\/it\/#\/schema\/logo\/image\/\"}}]}<\/script>\n<!-- \/ Yoast SEO plugin. -->","yoast_head_json":{"title":"Che cos\u2019\u00e8 - HD Forum Italia","robots":{"index":"index","follow":"follow","max-snippet":"max-snippet:-1","max-image-preview":"max-image-preview:large","max-video-preview":"max-video-preview:-1"},"canonical":"https:\/\/www.hdforumitalia.it\/it\/che-cose\/","og_locale":"it_IT","og_type":"article","og_title":"Che cos\u2019\u00e8 - HD Forum Italia","og_description":"Che cos&#8217;\u00e8 HD Forum Italia \u00e8 un\u2019associazione nata per promuovere, sostenere e diffondere l\u2019uso di contenuti audiovisivi e multimediali, prodotti e tecnologie in Alta Definizione, Ultra Alta Definizione\u00a0e altre soluzioni audiovisive evolute. Nata nel 2006, HD Forum Italia riunisce in associazione i protagonisti\u00a0italiani\u00a0del settore e le rappresentanze italiane di Societ\u00e0 estere dell\u2019audiovisivo, allo scopo di&hellip;","og_url":"https:\/\/www.hdforumitalia.it\/it\/che-cose\/","og_site_name":"HD Forum Italia","article_modified_time":"2023-06-30T10:05:32+00:00","twitter_card":"summary_large_image","twitter_misc":{"Tempo di lettura stimato":"2 minuti"},"schema":{"@context":"https:\/\/schema.org","@graph":[{"@type":"WebPage","@id":"https:\/\/www.hdforumitalia.it\/it\/che-cose\/","url":"https:\/\/www.hdforumitalia.it\/it\/che-cose\/","name":"Che cos\u2019\u00e8 - HD Forum Italia","isPartOf":{"@id":"https:\/\/www.hdforumitalia.it\/it\/#website"},"datePublished":"2021-10-18T08:54:26+00:00","dateModified":"2023-06-30T10:05:32+00:00","breadcrumb":{"@id":"https:\/\/www.hdforumitalia.it\/it\/che-cose\/#breadcrumb"},"inLanguage":"it-IT","potentialAction":[{"@type":"ReadAction","target":["https:\/\/www.hdforumitalia.it\/it\/che-cose\/"]}]},{"@type":"BreadcrumbList","@id":"https:\/\/www.hdforumitalia.it\/it\/che-cose\/#breadcrumb","itemListElement":[{"@type":"ListItem","position":1,"name":"Home","item":"https:\/\/www.hdforumitalia.it\/it\/"},{"@type":"ListItem","position":2,"name":"Che cos\u2019\u00e8"}]},{"@type":"WebSite","@id":"https:\/\/www.hdforumitalia.it\/it\/#website","url":"https:\/\/www.hdforumitalia.it\/it\/","name":"HD Forum Italia","description":"Beyond Definition","publisher":{"@id":"https:\/\/www.hdforumitalia.it\/it\/#organization"},"potentialAction":[{"@type":"SearchAction","target":{"@type":"EntryPoint","urlTemplate":"https:\/\/www.hdforumitalia.it\/it\/?s={search_term_string}"},"query-input":{"@type":"PropertyValueSpecification","valueRequired":true,"valueName":"search_term_string"}}],"inLanguage":"it-IT"},{"@type":"Organization","@id":"https:\/\/www.hdforumitalia.it\/it\/#organization","name":"HD Forum Italia","url":"https:\/\/www.hdforumitalia.it\/it\/","logo":{"@type":"ImageObject","inLanguage":"it-IT","@id":"https:\/\/www.hdforumitalia.it\/it\/#\/schema\/logo\/image\/","url":"https:\/\/www.hdforumitalia.it\/wp-content\/uploads\/2021\/11\/Logo-Ultra-HD-Forum.jpg","contentUrl":"https:\/\/www.hdforumitalia.it\/wp-content\/uploads\/2021\/11\/Logo-Ultra-HD-Forum.jpg","width":859,"height":411,"caption":"HD Forum Italia"},"image":{"@id":"https:\/\/www.hdforumitalia.it\/it\/#\/schema\/logo\/image\/"}}]}},"_links":{"self":[{"href":"https:\/\/www.hdforumitalia.it\/it\/wp-json\/wp\/v2\/pages\/3156","targetHints":{"allow":["GET"]}}],"collection":[{"href":"https:\/\/www.hdforumitalia.it\/it\/wp-json\/wp\/v2\/pages"}],"about":[{"href":"https:\/\/www.hdforumitalia.it\/it\/wp-json\/wp\/v2\/types\/page"}],"author":[{"embeddable":true,"href":"https:\/\/www.hdforumitalia.it\/it\/wp-json\/wp\/v2\/users\/1"}],"replies":[{"embeddable":true,"href":"https:\/\/www.hdforumitalia.it\/it\/wp-json\/wp\/v2\/comments?post=3156"}],"version-history":[{"count":11,"href":"https:\/\/www.hdforumitalia.it\/it\/wp-json\/wp\/v2\/pages\/3156\/revisions"}],"predecessor-version":[{"id":7406,"href":"https:\/\/www.hdforumitalia.it\/it\/wp-json\/wp\/v2\/pages\/3156\/revisions\/7406"}],"wp:attachment":[{"href":"https:\/\/www.hdforumitalia.it\/it\/wp-json\/wp\/v2\/media?parent=3156"}],"curies":[{"name":"wp","href":"https:\/\/api.w.org\/{rel}","templated":true}]}}